{"id":37,"date":"2025-12-25T19:32:43","date_gmt":"2025-12-25T19:32:43","guid":{"rendered":"https:\/\/alphabotz.de\/?page_id=37"},"modified":"2026-01-01T16:07:11","modified_gmt":"2026-01-01T16:07:11","slug":"about-us","status":"publish","type":"page","link":"https:\/\/alphabotz.de\/?page_id=37","title":{"rendered":"About Us"},"content":{"rendered":"\n<div class=\"section-wrapper\" data-id=\"8ywGMo\"><section class=\"wp-block-gutenverse-section guten-element guten-section guten-8ywGMo layout-fullwidth align-stretch\"><div class=\"guten-background-overlay\"><\/div><div class=\"guten-container guten-column-gap-no\">\n<div class=\"wp-block-gutenverse-column guten-element guten-column guten-IZZ6tV\"><div class=\"guten-column-wrapper\" data-id=\"IZZ6tV\">\n<div class=\"guten-element guten-spacer guten-ZtgPof\"><\/div>\n<\/div><\/div>\n\n\n\n<div class=\"wp-block-gutenverse-column guten-element guten-column guten-U7egHI\"><div class=\"guten-column-wrapper\" data-id=\"U7egHI\">\n<h1 class=\"wp-block-gutenverse-heading guten-element guten-VyOvyN\">Transform Your Business with Our <span id=\"guten-SG3LZ1\"><span class=\"guten-text-highlight guten-HEONs6\" id=\"guten-F9imO2\">AI Expertise<\/span><\/span><\/h1>\n\n\n\n<div class=\"guten-element gutenverse-text-editor guten-v4ZQcZ\"><div class=\"text-content-inner\">\n<p>Our AI and robotics company specializes in the development of cutting-edge technology for a wide range of industries.<\/p>\n<\/div><\/div>\n\n\n\n<div class=\"guten-element guten-wrap-helper no-margin guten-n9pXQy flex\"><div class=\"guten-inner-wrap\" data-id=\"n9pXQy\">\n<div class=\"guten-element guten-button-wrapper guten-xipzUJ\"><a class=\"guten-button guten-button-sm\" href=\"#\"><span>Our Services<\/span><\/a><\/div>\n<\/div><\/div>\n<\/div><\/div>\n<\/div><\/section><\/div>\n\n\n\n<div class=\"section-wrapper\" data-id=\"QI7oTd\"><section class=\"wp-block-gutenverse-section guten-element guten-section guten-QI7oTd layout-boxed align-stretch\"><div class=\"guten-container guten-column-gap-default\">\n<div class=\"wp-block-gutenverse-column guten-element guten-column guten-NhZtkJ\"><div class=\"guten-column-wrapper\" data-id=\"NhZtkJ\">\n<div class=\"guten-element guten-advanced-heading guten-kzotyI\"><div class=\"heading-section \"><h2 class=\"heading-title\"><span class=\"heading-title\">Unsere Story: Wir bei Alphabotz bauen<\/span><span class=\"heading-focus\">clevere Discord-Bots<\/span><\/h2><\/div><\/div>\n\n\n\n<div class=\"guten-element gutenverse-text-editor guten-MA6MlY\"><div class=\"text-content-inner\">\n<p>Wir bei Alphabotz bauen clevere Discord-Bots, die Server leichter machen, f\u00fcr Spa\u00df sorgen und eure Community richtig pushen.<\/p>\n<\/div><\/div>\n\n\n\n<div class=\"guten-element guten-IeRwcy guten-icon-box icon-position-left\"><div class=\"guten-icon-box-wrapper hover-from-left\"><div class=\"icon-box icon-box-header\"><div class=\"icon bg-style-color\"><i class=\"gtn gtn-target-light icon-style-color\"><\/i><\/div><\/div><div class=\"icon-box icon-box-body\"><h4 class=\"title\">Unsere Mission<\/h4><p class=\"icon-box-description\">Exercitation ullamco laboris sed uteniri perspiciatis unde Unsere Mission bei <strong>Alphabotz<\/strong> ist es, leistungsstarke, sichere und individuelle Discord-Bots zu entwickeln, die unseren Kunden den Alltag erleichtern. Wir setzen auf Qualit\u00e4t, Zuverl\u00e4ssigkeit und durchdachte L\u00f6sungen, um jeden Server auf das n\u00e4chste Level zu bringen.<\/p><\/div><\/div><\/div>\n\n\n\n<div class=\"guten-element guten-n9QLkN guten-icon-box icon-position-left\"><div class=\"guten-icon-box-wrapper hover-from-left\"><div class=\"icon-box icon-box-header\"><div class=\"icon bg-style-color\"><i class=\"gtn gtn-eye2-light icon-style-color\"><\/i><\/div><\/div><div class=\"icon-box icon-box-body\"><h4 class=\"title\">Unsere Vision<\/h4><p class=\"icon-box-description\">Bei Alphabotz entwickeln wir innovative Discord-Bots, die Communities verbinden, Unterhaltung bieten und die Verwaltung von Servern vereinfachen. Unser Ziel ist es, leistungsstarke, benutzerfreundliche und kreative Bot-L\u00f6sungen zu schaffen, die jeden Discord-Server verbessern.<\/p><\/div><\/div><\/div>\n<\/div><\/div>\n\n\n\n<div class=\"wp-block-gutenverse-column guten-element guten-column guten-dCP0SG\"><div class=\"guten-column-wrapper\" data-id=\"dCP0SG\">\n<div class=\"guten-element guten-spacer guten-Gk8duP\"><\/div>\n<\/div><\/div>\n<\/div><\/section><\/div>\n\n\n\n<div class=\"section-wrapper\" data-id=\"JgY02C\"><section class=\"wp-block-gutenverse-section guten-element guten-section guten-JgY02C layout-boxed align-stretch\"><div class=\"guten-container guten-column-gap-default\">\n<div class=\"wp-block-gutenverse-column guten-element guten-column guten-8Wu6tl\"><div class=\"guten-column-wrapper\" data-id=\"8Wu6tl\">\n<div class=\"guten-element guten-advanced-heading guten-JKHFXL\"><div class=\"heading-section \"><h2 class=\"heading-title\"><span class=\"heading-title\">Wieso <\/span><span class=\"heading-focus\">Alphabotz<\/span><\/h2><\/div><\/div>\n\n\n\n<div class=\"guten-element gutenverse-text-editor guten-44CP6v\"><div class=\"text-content-inner\">\n<p>Weil wir dir nicht einfach einen Bot bauen \u2013 wir erschaffen den Discord-Bot, der perfekt zu dir passt: schnell, zuverl\u00e4ssig und einfach genial.<\/p>\n<\/div><\/div>\n\n\n\n<div class=\"section-wrapper\" data-id=\"QMi0E8\"><section class=\"wp-block-gutenverse-section guten-element guten-section guten-QMi0E8 layout-fullwidth align-stretch\"><div class=\"guten-container guten-column-gap-no\">\n<div class=\"wp-block-gutenverse-column guten-element guten-column guten-a23AZj\"><div class=\"guten-column-wrapper\" data-id=\"a23AZj\">\n<div class=\"guten-element guten-Y30eSv guten-icon-box icon-position-top\"><div class=\"guten-icon-box-wrapper hover-from-left\"><div class=\"icon-box icon-box-header\"><div class=\"icon bg-style-color\"><i class=\"gtn gtn-cloud-light icon-style-color\"><\/i><\/div><\/div><div class=\"icon-box icon-box-body\"><h4 class=\"title\">Bot-Erstellung<\/h4><p class=\"icon-box-description\">Wir erstellen deinen Bot oder zeigen dir, wie du ihn selbst bauen kannst.<\/p><\/div><\/div><\/div>\n<\/div><\/div>\n\n\n\n<div class=\"wp-block-gutenverse-column guten-element guten-column guten-GisrLa\"><div class=\"guten-column-wrapper\" data-id=\"GisrLa\">\n<div class=\"guten-element guten-1Q3jWS guten-icon-box icon-position-top\"><div class=\"guten-icon-box-wrapper hover-from-left\"><div class=\"icon-box icon-box-header\"><div class=\"icon bg-style-color\"><i class=\"gtn gtn-cloud-2-light icon-style-color\"><\/i><\/div><\/div><div class=\"icon-box icon-box-body\"><h4 class=\"title\">Bot-Coding<\/h4><p class=\"icon-box-description\">Wir coden deinen Bot schnell und problemlos!<\/p><\/div><\/div><\/div>\n<\/div><\/div>\n\n\n\n<div class=\"wp-block-gutenverse-column guten-element guten-column guten-HounpS\"><div class=\"guten-column-wrapper\" data-id=\"HounpS\">\n<div class=\"guten-element guten-2hv8n5 guten-icon-box icon-position-top\"><div class=\"guten-icon-box-wrapper hover-from-left\"><div class=\"icon-box icon-box-header\"><div class=\"icon bg-style-color\"><i class=\"gtn gtn-badge-light icon-style-color\"><\/i><\/div><\/div><div class=\"icon-box icon-box-body\"><h4 class=\"title\">Schnelles Team<\/h4><p class=\"icon-box-description\">Unser Team arbeitet extrem effizient und liefert deinen Bot so schnell wie m\u00f6glich.<\/p><\/div><\/div><\/div>\n<\/div><\/div>\n\n\n\n<div class=\"wp-block-gutenverse-column guten-element guten-column guten-PSQbdO\"><div class=\"guten-column-wrapper\" data-id=\"PSQbdO\">\n<div class=\"guten-element guten-0niojq guten-icon-box icon-position-top\"><div class=\"guten-icon-box-wrapper hover-from-left\"><div class=\"icon-box icon-box-header\"><div class=\"icon bg-style-color\"><i class=\"gtn gtn-padlock-1-light icon-style-color\"><\/i><\/div><\/div><div class=\"icon-box icon-box-body\"><h4 class=\"title\">100% Sicher<\/h4><p class=\"icon-box-description\">Unsere Arbeit ist zuverl\u00e4ssig und absolut sicher.<\/p><\/div><\/div><\/div>\n<\/div><\/div>\n<\/div><\/section><\/div>\n<\/div><\/div>\n<\/div><\/section><\/div>\n\n\n\n<div class=\"section-wrapper\" data-id=\"Fo7Hgi\"><section class=\"wp-block-gutenverse-section guten-element guten-section guten-Fo7Hgi layout-boxed align-stretch\"><div class=\"guten-background-overlay\"><\/div><div class=\"guten-container guten-column-gap-default\">\n<div class=\"wp-block-gutenverse-column guten-element guten-column guten-3sZkRA\"><div class=\"guten-column-wrapper\" data-id=\"3sZkRA\">\n<div class=\"guten-element guten-wrap-helper no-margin guten-nbmTlj flex\"><div class=\"guten-inner-wrap\" data-id=\"nbmTlj\">\n<div class=\"guten-element guten-popup-builder guten-rkS75E\" data-trigger=\"click\" data-anchor=\"video2\" data-close-overlay=\"true\" data-inactive-interval=\"{&quot;point&quot;:5,&quot;unit&quot;:&quot;m&quot;}\" data-exit-animation=\"\" data-exit-duration=\"\" data-exit-delay=\"\" data-video-play-on=\"click\"><div class=\"guten-popup guten-popup-center guten-popup-side-space\"><div class=\"guten-popup-overlay\"><\/div><div class=\"guten-popup-wrapper guten-popup-wrapper-center\"><div class=\"guten-popup-content animated guten-element-hide desktop-fadeInUp\"><div class=\"guten-popup-close\"><i class=\"gtn gtn-x-line\"><\/i><\/div><div class=\"guten-popup-container\">\n<div class=\"guten-element guten-popup-content-inner above\"><div class=\"guten-popup-content-wrapper\">\n<figure class=\"guten-element guten-video guten-Y64hK1\"><div class=\"guten-video-wrapper\" data-property=\"{&quot;url&quot;:&quot;https:\/\/www.youtube.com\/watch?v=IPukuYb9xWw&quot;,&quot;class&quot;:&quot;guten-video-background&quot;,&quot;width&quot;:&quot;100%&quot;,&quot;height&quot;:&quot;480px&quot;,&quot;playing&quot;:true,&quot;muted&quot;:true,&quot;loop&quot;:true,&quot;controls&quot;:false,&quot;playsinline&quot;:true,&quot;style&quot;:{},&quot;config&quot;:{&quot;youtube&quot;:{&quot;playerVars&quot;:{&quot;start&quot;:100,&quot;end&quot;:200}}}}\"><\/div><\/figure>\n<\/div><\/div>\n\n\n\n<div class=\"guten-element guten-popup-content-inner bottom\"><div class=\"guten-popup-content-wrapper\"><\/div><\/div>\n<\/div><\/div><\/div><\/div><\/div>\n\n\n\n<div class=\"guten-element guten-wrap-helper no-margin guten-z5rvl3 inline with-url guten-background-effect-active\" onclick=\"window.open('#video', '_self');\"><div class=\"guten-inner-wrap\" data-id=\"z5rvl3\"><div class=\"guten-background-effect\"><div class=\"inner-background-container\"><\/div><\/div>\n<div class=\"guten-element guten-HRFeyZ guten-icon-box icon-position-top\"><a class=\"\" href=\"#video2\"><div class=\"guten-icon-box-wrapper hover-from-left\"><div class=\"icon-box icon-box-header\"><div class=\"icon bg-style-color\"><i class=\"gtn gtn-play-button-light icon-style-color\"><\/i><\/div><\/div><div class=\"icon-box icon-box-body\"><h3 class=\"title\">Watch Intro<\/h3><\/div><\/div><\/a><\/div>\n<\/div><\/div><div class=\"guten-data\"><div data-var=\"backgroundEffectAttrz5rvl3\" data-value=\"{&quot;backgroundEffect&quot;:{&quot;type&quot;:&quot;blink&quot;,&quot;backgroundEffectLoadOn&quot;:&quot;pageLoad&quot;,&quot;backgroundEffectSize&quot;:{&quot;Desktop&quot;:{&quot;point&quot;:&quot;120&quot;,&quot;unit&quot;:&quot;px&quot;},&quot;Mobile&quot;:{&quot;point&quot;:&quot;90&quot;,&quot;unit&quot;:&quot;px&quot;},&quot;Tablet&quot;:{&quot;unit&quot;:&quot;px&quot;,&quot;point&quot;:&quot;100&quot;}},&quot;effectSpeed&quot;:{&quot;point&quot;:&quot;4&quot;,&quot;unit&quot;:&quot;s&quot;},&quot;effectColor&quot;:{&quot;r&quot;:0,&quot;g&quot;:223,&quot;b&quot;:255,&quot;a&quot;:0.73},&quot;effectQuantity&quot;:&quot;2&quot;,&quot;topOrientation&quot;:{&quot;Desktop&quot;:{&quot;point&quot;:&quot;30.5&quot;,&quot;unit&quot;:&quot;%&quot;},&quot;Mobile&quot;:{&quot;point&quot;:&quot;28&quot;,&quot;unit&quot;:&quot;%&quot;},&quot;Tablet&quot;:{&quot;unit&quot;:&quot;%&quot;,&quot;point&quot;:&quot;28&quot;}},&quot;leftOrientation&quot;:{&quot;Desktop&quot;:{&quot;point&quot;:&quot;52&quot;,&quot;unit&quot;:&quot;%&quot;},&quot;Mobile&quot;:{&quot;point&quot;:&quot;49&quot;,&quot;unit&quot;:&quot;%&quot;},&quot;Tablet&quot;:{&quot;unit&quot;:&quot;%&quot;,&quot;point&quot;:&quot;52&quot;}},&quot;hiddenOverflow&quot;:false}}\"><\/div><\/div>\n<\/div><\/div>\n<\/div><\/div>\n<\/div><\/section><\/div>\n\n\n\n<div class=\"section-wrapper\" data-id=\"c3yG9Q\"><section class=\"wp-block-gutenverse-section guten-element guten-section guten-c3yG9Q layout-boxed align-stretch\"><div class=\"guten-container guten-column-gap-default\">\n<div class=\"wp-block-gutenverse-column guten-element guten-column guten-U3mRNL\"><div class=\"guten-column-wrapper\" data-id=\"U3mRNL\">\n<div class=\"guten-element guten-advanced-heading guten-ogZUOt\"><div class=\"heading-section \"><h2 class=\"heading-title\"><span class=\"heading-title\"><\/span><span class=\"heading-focus\">Team<\/span><\/h2><\/div><\/div>\n\n\n\n<div class=\"guten-element gutenverse-text-editor guten-Cs5adC\"><div class=\"text-content-inner\">\n<p>Dies ist unser Team \u2013 ein engagiertes, erfahrenes und motiviertes Team, das mit Leidenschaft daran arbeitet, f\u00fcr dich hochwertige und zuverl\u00e4ssige Discord-Bots zu entwickeln.<\/p>\n<\/div><\/div>\n\n\n\n<div class=\"section-wrapper\" data-id=\"1KxVfP\"><section class=\"wp-block-gutenverse-section guten-element guten-section guten-1KxVfP layout-fullwidth align-stretch\"><div class=\"guten-container guten-column-gap-no\">\n<div class=\"wp-block-gutenverse-column guten-element guten-column guten-qH4vyf\"><div class=\"guten-column-wrapper\" data-id=\"qH4vyf\">\n<div class=\"wp-block-gutenverse-team guten-element guten-team guten-8wxgpB\"><div class=\"profile-box\"><div class=\"profile-card card-overlay default\"><img decoding=\"async\" src=\"https:\/\/alphabotz.de\/wp-content\/uploads\/2025\/12\/ALPHA.png\" alt=\"\" loading=\"lazy\"\/><div class=\"profile-body bottom\"><h3 class=\"profile-title \" aria-label=\"Profile Name\"><\/h3><p class=\"profile-sub\" aria-label=\"Profile Job\"><\/p><div class=\"socials-wrapper\">\n<div class=\"guten-element guten-social-icons guten-KXfULe square horizontal custom\">\n<div class=\"guten-element guten-social-icon guten-0ZZuKy default\"><a id=\"guten-0ZZuKy\" href=\"https:\/\/discord.gg\/Gqn47anDnW\"><i class=\"gtn gtn-discord\"><\/i><\/a><\/div>\n<\/div>\n<\/div><\/div><\/div><\/div><\/div>\n\n\n\n<div class=\"guten-element guten-advanced-heading guten-1mrz9V\"><div class=\"heading-section \"><h4 class=\"heading-title\"><span class=\"heading-title\">Alpha Arslan<\/span><span class=\"heading-focus\"><\/span><\/h4><\/div><span class=\"heading-subtitle\">CEO<\/span><\/div>\n<\/div><\/div>\n\n\n\n<div class=\"wp-block-gutenverse-column guten-element guten-column guten-1EQHLm\"><div class=\"guten-column-wrapper\" data-id=\"1EQHLm\"><\/div><\/div>\n<\/div><\/section><\/div>\n<\/div><\/div>\n<\/div><\/section><\/div>\n\n\n\n<div class=\"section-wrapper\" data-id=\"Djvg1r\"><section class=\"wp-block-gutenverse-section guten-element guten-section guten-Djvg1r layout-boxed align-stretch\"><div class=\"guten-background-overlay\"><\/div><div class=\"guten-container guten-column-gap-no\">\n<div class=\"wp-block-gutenverse-column guten-element guten-column guten-vxmOrO hide-tablet hide-mobile\"><div class=\"guten-column-wrapper\" data-id=\"vxmOrO\">\n<div class=\"wp-block-gutenverse-image guten-element guten-image guten-HVcoFN hide-tablet hide-mobile\"><div class=\"guten-image-wrapper\"><img loading=\"lazy\" decoding=\"async\" class=\"gutenverse-image-box-filled\" src=\"https:\/\/alphabotz.de\/wp-content\/uploads\/2025\/12\/robot-artific-image.webp\" height=\"421\" width=\"720\"\/><\/div><\/div>\n<\/div><\/div>\n\n\n\n<div class=\"wp-block-gutenverse-column guten-element guten-column guten-U0sRKt\"><div class=\"guten-column-wrapper\" data-id=\"U0sRKt\">\n<div class=\"guten-element guten-advanced-heading guten-d3J8tr\"><div class=\"heading-section \"><h2 class=\"heading-title\"><span class=\"heading-title\">Kontaktieren Sie uns noch heute <\/span><span class=\"heading-focus\">f\u00fcr Ihren Discord Bot!<\/span><\/h2><\/div><\/div>\n\n\n\n<div class=\"guten-element gutenverse-text-editor guten-Y2oHho\"><div class=\"text-content-inner\">\n<p>Individuelle Discord-Bots nach deinen W\u00fcnschen.<\/p>\n<\/div><\/div>\n\n\n\n<div class=\"guten-element guten-button-wrapper guten-tBUML7\"><a class=\"guten-button guten-button-sm\" href=\"https:\/\/alphabotz.de\/?page_id=50\"><span>Kontaktieren<\/span><\/a><\/div>\n<\/div><\/div>\n<\/div><\/section><\/div>\n\n\n\n<p><\/p>\n","protected":false},"excerpt":{"rendered":"","protected":false},"author":1,"featured_media":0,"parent":0,"menu_order":0,"comment_status":"closed","ping_status":"closed","template":"full-width","meta":{"footnotes":""},"class_list":["post-37","page","type-page","status-publish","hentry"],"_links":{"self":[{"href":"https:\/\/alphabotz.de\/index.php?rest_route=\/wp\/v2\/pages\/37","targetHints":{"allow":["GET"]}}],"collection":[{"href":"https:\/\/alphabotz.de\/index.php?rest_route=\/wp\/v2\/pages"}],"about":[{"href":"https:\/\/alphabotz.de\/index.php?rest_route=\/wp\/v2\/types\/page"}],"author":[{"embeddable":true,"href":"https:\/\/alphabotz.de\/index.php?rest_route=\/wp\/v2\/users\/1"}],"replies":[{"embeddable":true,"href":"https:\/\/alphabotz.de\/index.php?rest_route=%2Fwp%2Fv2%2Fcomments&post=37"}],"version-history":[{"count":9,"href":"https:\/\/alphabotz.de\/index.php?rest_route=\/wp\/v2\/pages\/37\/revisions"}],"predecessor-version":[{"id":148,"href":"https:\/\/alphabotz.de\/index.php?rest_route=\/wp\/v2\/pages\/37\/revisions\/148"}],"wp:attachment":[{"href":"https:\/\/alphabotz.de\/index.php?rest_route=%2Fwp%2Fv2%2Fmedia&parent=37"}],"curies":[{"name":"wp","href":"https:\/\/api.w.org\/{rel}","templated":true}]}}