{"id":47,"date":"2025-12-25T19:32:49","date_gmt":"2025-12-25T19:32:49","guid":{"rendered":"https:\/\/alphabotz.de\/?page_id=47"},"modified":"2025-12-29T12:40:45","modified_gmt":"2025-12-29T12:40:45","slug":"faq","status":"publish","type":"page","link":"https:\/\/alphabotz.de\/?page_id=47","title":{"rendered":"FAQ"},"content":{"rendered":"\n<div class=\"section-wrapper\" data-id=\"8ywGMo\"><section class=\"wp-block-gutenverse-section guten-element guten-section guten-8ywGMo layout-boxed align-stretch\"><div class=\"guten-background-overlay\"><\/div><div class=\"guten-container guten-column-gap-no\">\n<div class=\"wp-block-gutenverse-column guten-element guten-column guten-U7egHI\"><div class=\"guten-column-wrapper\" data-id=\"U7egHI\">\n<h1 class=\"wp-block-gutenverse-heading guten-element guten-VyOvyN\">Find Your <span id=\"guten-1Twmh9\"><span class=\"guten-text-highlight guten-IrtzmL\" id=\"guten-Sdr6Fb\">question<\/span><\/span> Here<\/h1>\n<\/div><\/div>\n<\/div><\/section><\/div>\n\n\n\n<div class=\"section-wrapper\" data-id=\"CnAegk\"><section class=\"wp-block-gutenverse-section guten-element guten-section guten-CnAegk layout-boxed align-stretch\"><div class=\"guten-container guten-column-gap-default\">\n<div class=\"wp-block-gutenverse-column guten-element guten-column guten-CNl3jO\"><div class=\"guten-column-wrapper\" data-id=\"CNl3jO\">\n<div class=\"section-wrapper\" data-id=\"NfeSvW\"><section class=\"wp-block-gutenverse-section guten-element guten-section guten-NfeSvW layout-fullwidth align-stretch\"><div class=\"guten-container guten-column-gap-no\">\n<div class=\"wp-block-gutenverse-column guten-element guten-column guten-4cqABB\"><div class=\"guten-column-wrapper\" data-id=\"4cqABB\">\n<div class=\"guten-element guten-accordions-wrapper\"><div class=\"guten-accordions guten-bD5n63\">\n<div class=\"accordion-item guten-389Pnd\"><div class=\"accordion-heading\"><span class=\"accordion-text\">Was macht Alphabotz genau?<\/span><div class=\"accordion-icon\"><span class=\"accordion-icon-open\"><i class=\"fas fa-chevron-up\"><\/i><\/span><span class=\"accordion-icon-closed\"><i class=\"fas fa-chevron-down\"><\/i><\/span><\/div><\/div><div class=\"accordion-body\"><div class=\"accordion-content\">\n<p>Alphabotz erstellt individuelle Discord-Bots nach deinen W\u00fcnschen \u2013 von einfachen Funktionen bis hin zu komplexen Systemen.<\/p>\n<\/div><\/div><\/div>\n\n\n\n<div class=\"accordion-item guten-V4tOW2\"><div class=\"accordion-heading\"><span class=\"accordion-text\"><meta charset=\"utf-8\">Kann ich mir meinen Bot selbst w\u00fcnschen?<\/span><div class=\"accordion-icon\"><span class=\"accordion-icon-open\"><i class=\"fas fa-chevron-up\"><\/i><\/span><span class=\"accordion-icon-closed\"><i class=\"fas fa-chevron-down\"><\/i><\/span><\/div><\/div><div class=\"accordion-body\"><div class=\"accordion-content\">\n<p><meta charset=\"utf-8\"><\/meta>Ja, absolut. Jeder Bot wird speziell auf deine Anforderungen und deinen Server angepasst.<\/p>\n<\/div><\/div><\/div>\n\n\n\n<div class=\"accordion-item guten-oamrvj\"><div class=\"accordion-heading\"><span class=\"accordion-text\">Wie lange dauert die Erstellung eines Bots?<\/span><div class=\"accordion-icon\"><span class=\"accordion-icon-open\"><i class=\"fas fa-chevron-up\"><\/i><\/span><span class=\"accordion-icon-closed\"><i class=\"fas fa-chevron-down\"><\/i><\/span><\/div><\/div><div class=\"accordion-body\"><div class=\"accordion-content\">\n<p><meta charset=\"utf-8\"><\/meta>Das h\u00e4ngt vom Umfang ab. In der Regel nennen wir dir nach dem Gespr\u00e4ch einen genauen Zeitrahmen.<\/p>\n<\/div><\/div><\/div>\n\n\n\n<div class=\"accordion-item guten-E62G0D active\"><div class=\"accordion-heading\"><span class=\"accordion-text\">Ist der Bot sicher?<\/span><div class=\"accordion-icon\"><span class=\"accordion-icon-open\"><i class=\"fas fa-chevron-up\"><\/i><\/span><span class=\"accordion-icon-closed\"><i class=\"fas fa-chevron-down\"><\/i><\/span><\/div><\/div><div class=\"accordion-body\"><div class=\"accordion-content\">\n<p><meta charset=\"utf-8\"><\/meta>Ja. Sicherheit hat f\u00fcr uns h\u00f6chste Priorit\u00e4t. Unsere Bots werden sauber programmiert und getestet.<\/p>\n<\/div><\/div><\/div>\n<\/div><\/div>\n<\/div><\/div>\n\n\n\n<div class=\"wp-block-gutenverse-column guten-element guten-column guten-aS2uIj\"><div class=\"guten-column-wrapper\" data-id=\"aS2uIj\">\n<div class=\"guten-element guten-accordions-wrapper\"><div class=\"guten-accordions guten-GHkqUT\">\n<div class=\"accordion-item guten-YePDTI\"><div class=\"accordion-heading\"><span class=\"accordion-text\">Wird mein Bot auch gehostet?<\/span><div class=\"accordion-icon\"><span class=\"accordion-icon-open\"><i class=\"fas fa-chevron-up\"><\/i><\/span><span class=\"accordion-icon-closed\"><i class=\"fas fa-chevron-down\"><\/i><\/span><\/div><\/div><div class=\"accordion-body\"><div class=\"accordion-content\">\n<p>Nein, das Hosting \u00fcbernehmen wir nicht. Gerne helfen wir dir aber bei der Einrichtung oder erkl\u00e4ren dir, wie du deinen Bot selbst hosten kannst.<\/p>\n<\/div><\/div><\/div>\n\n\n\n<div class=\"accordion-item guten-8DD7Q2\"><div class=\"accordion-heading\"><span class=\"accordion-text\"><meta charset=\"utf-8\">Brauche ich Programmierkenntnisse?<\/span><div class=\"accordion-icon\"><span class=\"accordion-icon-open\"><i class=\"fas fa-chevron-up\"><\/i><\/span><span class=\"accordion-icon-closed\"><i class=\"fas fa-chevron-down\"><\/i><\/span><\/div><\/div><div class=\"accordion-body\"><div class=\"accordion-content\">\n<p><meta charset=\"utf-8\"><\/meta>Nein. Du brauchst keinerlei Vorkenntnisse \u2013 wir \u00fcbernehmen alles f\u00fcr dich oder erkl\u00e4ren es dir Schritt f\u00fcr Schritt.<\/p>\n<\/div><\/div><\/div>\n\n\n\n<div class=\"accordion-item guten-E8j4Q5\"><div class=\"accordion-heading\"><span class=\"accordion-text\">Kann ich sp\u00e4ter Funktionen hinzuf\u00fcgen lassen?<\/span><div class=\"accordion-icon\"><span class=\"accordion-icon-open\"><i class=\"fas fa-chevron-up\"><\/i><\/span><span class=\"accordion-icon-closed\"><i class=\"fas fa-chevron-down\"><\/i><\/span><\/div><\/div><div class=\"accordion-body\"><div class=\"accordion-content\">\n<p><meta charset=\"utf-8\"><\/meta>Nat\u00fcrlich. Dein Bot kann jederzeit erweitert oder angepasst werden.<\/p>\n<\/div><\/div><\/div>\n\n\n\n<div class=\"accordion-item guten-XbRENM active\"><div class=\"accordion-heading\"><span class=\"accordion-text\">Wie kann ich Alphabotz kontaktieren?<\/span><div class=\"accordion-icon\"><span class=\"accordion-icon-open\"><i class=\"fas fa-chevron-up\"><\/i><\/span><span class=\"accordion-icon-closed\"><i class=\"fas fa-chevron-down\"><\/i><\/span><\/div><\/div><div class=\"accordion-body\"><div class=\"accordion-content\">\n<p><meta charset=\"utf-8\"><\/meta>Am einfachsten \u00fcber unseren Discord-Server \u2013 dort sind wir schnell und direkt erreichbar.<\/p>\n<\/div><\/div><\/div>\n<\/div><\/div>\n<\/div><\/div>\n<\/div><\/section><\/div>\n<\/div><\/div>\n<\/div><\/section><\/div>\n\n\n\n<div class=\"section-wrapper\" data-id=\"ni8YNZ\"><section class=\"wp-block-gutenverse-section guten-element guten-section guten-ni8YNZ layout-boxed align-stretch\"><div class=\"guten-container guten-column-gap-default\">\n<div class=\"wp-block-gutenverse-column guten-element guten-column guten-qnay9n\"><div class=\"guten-column-wrapper\" data-id=\"qnay9n\">\n<div class=\"section-wrapper\" data-id=\"EVlLGe\"><section class=\"wp-block-gutenverse-section guten-element guten-section guten-EVlLGe layout-fullwidth align-stretch\"><div class=\"guten-container guten-column-gap-no\">\n<div class=\"wp-block-gutenverse-column guten-element guten-column guten-d7UrL6\"><div class=\"guten-column-wrapper\" data-id=\"d7UrL6\">\n<div class=\"guten-element guten-fP0jxy guten-fun-fact align-center hover-from-left\"><div class=\"fun-fact-inner\"><div class=\"icon-box\"><div class=\"icon\"><i class=\"gtn gtn-team-1-light\"><\/i><\/div><\/div><div class=\"content inline-block\"><div class=\"number-wrapper\"><span class=\"prefix\"><\/span><span class=\"number loaded\" data-number-format=\"\" data-safe=\"100\" data-number=\"20\" data-duration=\"3500\" data-number-spaces=\"{&quot;Mobile&quot;:&quot;3&quot;,&quot;Desktop&quot;:&quot;12&quot;}\"><\/span><span class=\"suffix\"><\/span><sup class=\"super\">+<\/sup><\/div><span class=\"title\">Partner<\/span><\/div><\/div><\/div>\n<\/div><\/div>\n\n\n\n<div class=\"wp-block-gutenverse-column guten-element guten-column guten-2Vf7Lt\"><div class=\"guten-column-wrapper\" data-id=\"2Vf7Lt\">\n<div class=\"guten-element guten-xE83tC guten-fun-fact align-center hover-from-left\"><div class=\"fun-fact-inner\"><div class=\"icon-box\"><div class=\"icon\"><i class=\"gtn gtn-review-light\"><\/i><\/div><\/div><div class=\"content inline-block\"><div class=\"number-wrapper\"><span class=\"prefix\"><\/span><span class=\"number loaded\" data-number-format=\"\" data-safe=\"23\" data-number=\"20\" data-duration=\"3500\" data-number-spaces=\"{&quot;Mobile&quot;:&quot;0&quot;,&quot;Desktop&quot;:&quot;-8&quot;}\"><\/span><span class=\"suffix\"><\/span><sup class=\"super\">+<\/sup><\/div><span class=\"title\">Happy Kunden<\/span><\/div><\/div><\/div>\n<\/div><\/div>\n\n\n\n<div class=\"wp-block-gutenverse-column guten-element guten-column guten-mfT4cA\"><div class=\"guten-column-wrapper\" data-id=\"mfT4cA\">\n<div class=\"guten-element guten-qzLRlm guten-fun-fact align-center hover-from-left\"><div class=\"fun-fact-inner\"><div class=\"icon-box\"><div class=\"icon\"><i class=\"gtn gtn-badge\"><\/i><\/div><\/div><div class=\"content inline-block\"><div class=\"number-wrapper\"><span class=\"prefix\"><\/span><span class=\"number loaded\" data-number-format=\"\" data-safe=\"10\" data-number=\"20\" data-duration=\"3500\" data-number-spaces=\"{&quot;Mobile&quot;:&quot;3&quot;,&quot;Desktop&quot;:&quot;-5&quot;}\"><\/span><span class=\"suffix\"><\/span><sup class=\"super\">+<\/sup><\/div><span class=\"title\">Rezensionen<\/span><\/div><\/div><\/div>\n<\/div><\/div>\n\n\n\n<div class=\"wp-block-gutenverse-column guten-element guten-column guten-ye3ZVl\"><div class=\"guten-column-wrapper\" data-id=\"ye3ZVl\">\n<div class=\"guten-element guten-GmZqpt guten-fun-fact align-center hover-from-left\"><div class=\"fun-fact-inner\"><div class=\"icon-box\"><div class=\"icon\"><i class=\"gtn gtn-medal\"><\/i><\/div><\/div><div class=\"content inline-block\"><div class=\"number-wrapper\"><span class=\"prefix\"><\/span><span class=\"number loaded\" data-number-format=\"\" data-safe=\"24\" data-number=\"20\" data-duration=\"3500\" data-number-spaces=\"{&quot;Mobile&quot;:&quot;6&quot;,&quot;Desktop&quot;:&quot;-5&quot;}\"><\/span><span class=\"suffix\"><\/span><sup class=\"super\">+<\/sup><\/div><span class=\"title\">Projekte<\/span><\/div><\/div><\/div>\n<\/div><\/div>\n<\/div><\/section><\/div>\n<\/div><\/div>\n<\/div><\/section><\/div>\n\n\n\n<div class=\"section-wrapper\" data-id=\"c3yG9Q\"><section class=\"wp-block-gutenverse-section guten-element guten-section guten-c3yG9Q layout-boxed align-stretch\"><div class=\"guten-container guten-column-gap-default\">\n<div class=\"wp-block-gutenverse-column guten-element guten-column guten-U3mRNL\"><div class=\"guten-column-wrapper\" data-id=\"U3mRNL\">\n<div class=\"guten-element guten-advanced-heading guten-ogZUOt\"><div class=\"heading-section \"><h2 class=\"heading-title\"><span class=\"heading-title\">Latest Blog &#038; <\/span><span class=\"heading-focus\">Articles<\/span><\/h2><\/div><\/div>\n\n\n\n<div class=\"guten-element gutenverse-text-editor guten-Cs5adC\"><div class=\"text-content-inner\">\n<p>Lorem ipsum dolor sit amet, consectetur adipiscing elit sed do eiusmod tempor incididunt ut labore et dolore magna aliqua.<\/p>\n<\/div><\/div>\n\n\n<div  class=\"gutenverse guten-postblock postblock-type-5 guten-pagination-disable  post-element guten-lybajg\"  data-id=\"guten-lybajg\" data-settings=\"{&quot;elementId&quot;:&quot;guten-lybajg&quot;,&quot;numberPost&quot;:&quot;3&quot;,&quot;postOffset&quot;:&quot;0&quot;,&quot;column&quot;:{&quot;Desktop&quot;:&quot;3&quot;,&quot;Tablet&quot;:&quot;1&quot;},&quot;sortBy&quot;:&quot;latest&quot;,&quot;htmlTag&quot;:&quot;h4&quot;,&quot;categoryEnabled&quot;:false,&quot;categoryPosition&quot;:&quot;left&quot;,&quot;excerptLength&quot;:&quot;11&quot;,&quot;readmoreEnabled&quot;:false,&quot;readmoreIcon&quot;:&quot;gtn gtn-arrow-up-right-line&quot;,&quot;metaEnabled&quot;:false,&quot;metaAuthorIcon&quot;:&quot;&quot;,&quot;metaDateIcon&quot;:&quot;&quot;,&quot;postblockType&quot;:&quot;type-5&quot;,&quot;postItemMargin&quot;:{&quot;Desktop&quot;:{&quot;unit&quot;:&quot;px&quot;,&quot;dimension&quot;:{&quot;bottom&quot;:&quot;0&quot;,&quot;top&quot;:&quot;&quot;,&quot;right&quot;:&quot;&quot;,&quot;left&quot;:&quot;&quot;}},&quot;Mobile&quot;:{&quot;unit&quot;:&quot;px&quot;,&quot;dimension&quot;:{&quot;top&quot;:&quot;0&quot;,&quot;right&quot;:&quot;0&quot;,&quot;bottom&quot;:&quot;30&quot;,&quot;left&quot;:&quot;0&quot;}},&quot;Tablet&quot;:{&quot;unit&quot;:&quot;px&quot;,&quot;dimension&quot;:{&quot;bottom&quot;:&quot;40&quot;}}},&quot;postItemPadding&quot;:{&quot;Desktop&quot;:[],&quot;Mobile&quot;:{&quot;unit&quot;:&quot;px&quot;,&quot;dimension&quot;:{&quot;top&quot;:&quot;&quot;,&quot;right&quot;:&quot;&quot;,&quot;bottom&quot;:&quot;&quot;,&quot;left&quot;:&quot;&quot;}},&quot;Tablet&quot;:[]},&quot;postItemBorder&quot;:{&quot;radius&quot;:{&quot;Desktop&quot;:[],&quot;Tablet&quot;:[],&quot;Mobile&quot;:[]}},&quot;thumbnailRadius&quot;:{&quot;Desktop&quot;:{&quot;unit&quot;:&quot;px&quot;,&quot;dimension&quot;:{&quot;top&quot;:&quot;10&quot;,&quot;right&quot;:&quot;10&quot;,&quot;bottom&quot;:&quot;10&quot;,&quot;left&quot;:&quot;10&quot;}},&quot;Tablet&quot;:[],&quot;Mobile&quot;:[]},&quot;paginationMargin&quot;:{&quot;Desktop&quot;:[]},&quot;paginationPadding&quot;:{&quot;Desktop&quot;:[]},&quot;paginationBorder&quot;:{&quot;radius&quot;:{&quot;Desktop&quot;:[]}},&quot;animation&quot;:{&quot;type&quot;:{&quot;Desktop&quot;:&quot;none&quot;},&quot;duration&quot;:&quot;normal&quot;,&quot;delay&quot;:null},&quot;inheritQuery&quot;:true,&quot;postType&quot;:&quot;post&quot;,&quot;excludeCurrentPost&quot;:false,&quot;includePost&quot;:[],&quot;excludePost&quot;:[],&quot;includeCategory&quot;:[],&quot;excludeCategory&quot;:[],&quot;includeAuthor&quot;:[],&quot;includeTag&quot;:[],&quot;excludeTag&quot;:[],&quot;excerptEnabled&quot;:true,&quot;excerptMore&quot;:&quot;...&quot;,&quot;readmoreIconPosition&quot;:&quot;after&quot;,&quot;readmoreText&quot;:&quot;Read More&quot;,&quot;commentEnabled&quot;:false,&quot;commentIcon&quot;:&quot;fas fa-comment&quot;,&quot;commentIconPosition&quot;:&quot;before&quot;,&quot;metaAuthorEnabled&quot;:true,&quot;metaAuthorByText&quot;:&quot;by&quot;,&quot;metaAuthorIconPosition&quot;:&quot;before&quot;,&quot;metaDateEnabled&quot;:true,&quot;metaDateType&quot;:&quot;published&quot;,&quot;metaDateFormat&quot;:&quot;default&quot;,&quot;metaDateFormatCustom&quot;:&quot;&quot;,&quot;metaDateIconPosition&quot;:&quot;before&quot;,&quot;breakpoint&quot;:&quot;tablet&quot;,&quot;noContentText&quot;:&quot;No Content&quot;,&quot;paginationMode&quot;:&quot;disable&quot;,&quot;paginationLoadmoreText&quot;:&quot;Load More&quot;,&quot;paginationLoadingText&quot;:&quot;Loading...&quot;,&quot;paginationNumberPost&quot;:3,&quot;paginationScrollLimit&quot;:0,&quot;paginationIcon&quot;:&quot;&quot;,&quot;paginationIconPosition&quot;:&quot;before&quot;,&quot;background&quot;:[],&quot;backgroundHover&quot;:[],&quot;paginationPrevNextText&quot;:true,&quot;paginationPrevText&quot;:&quot;Prev&quot;,&quot;paginationNextText&quot;:&quot;Next&quot;,&quot;paginationPrevIcon&quot;:&quot;fas fa-chevron-left&quot;,&quot;paginationNextIcon&quot;:&quot;fas fa-chevron-right&quot;,&quot;contentOrder&quot;:[{&quot;label&quot;:&quot;Title&quot;,&quot;value&quot;:&quot;title&quot;},{&quot;label&quot;:&quot;Meta&quot;,&quot;value&quot;:&quot;meta&quot;},{&quot;label&quot;:&quot;Excerpt&quot;,&quot;value&quot;:&quot;excerpt&quot;},{&quot;label&quot;:&quot;Read More&quot;,&quot;value&quot;:&quot;read&quot;}],&quot;paginationLoadmoreAnimation&quot;:&quot;&quot;,&quot;paginationLoadmoreAnimationSequence&quot;:&quot;&quot;,&quot;paged&quot;:1,&quot;class&quot;:null}\"><div class=\"guten-block-container\">\n            <div class=\"guten-posts guten-ajax-flag\">\n            <article class=\"guten-post post-1 post type-post status-publish format-standard hentry category-uncategorized\">\n                    <div class=\"guten-thumb\"><a href=\"javascript:void(0);\" data-href=\"https:\/\/alphabotz.de\/?p=1\"><div class=\"thumbnail-container no_thumbnail\">\n            \n\t\t\t<div class=\"guten-overlay\"><\/div>\n        <\/div><\/a><\/div>\n                    <div class=\"guten-postblock-content\"><h4 class=\"guten-post-title\">\n\t\t\t\t\t\t\t<a href=\"javascript:void(0);\" data-href=\"https:\/\/alphabotz.de\/?p=1\">Hello world!<\/a>\n\t\t\t\t\t\t<\/h4><div class=\"guten-post-excerpt\"><p>Welcome to WordPress. This is your first post. Edit or delete&#8230;<\/p><\/div><div class=\"guten-post-meta-bottom\">\n\t\t\t\t\t\t\t\n\t\t\t\t\t\t<\/div><\/div>\n                <\/article>\n        <\/div>\n        <\/div><\/div><\/div><\/div>\n<\/div><\/section><\/div>\n","protected":false},"excerpt":{"rendered":"","protected":false},"author":1,"featured_media":0,"parent":0,"menu_order":0,"comment_status":"closed","ping_status":"closed","template":"full-width","meta":{"footnotes":""},"class_list":["post-47","page","type-page","status-publish","hentry"],"_links":{"self":[{"href":"https:\/\/alphabotz.de\/index.php?rest_route=\/wp\/v2\/pages\/47","targetHints":{"allow":["GET"]}}],"collection":[{"href":"https:\/\/alphabotz.de\/index.php?rest_route=\/wp\/v2\/pages"}],"about":[{"href":"https:\/\/alphabotz.de\/index.php?rest_route=\/wp\/v2\/types\/page"}],"author":[{"embeddable":true,"href":"https:\/\/alphabotz.de\/index.php?rest_route=\/wp\/v2\/users\/1"}],"replies":[{"embeddable":true,"href":"https:\/\/alphabotz.de\/index.php?rest_route=%2Fwp%2Fv2%2Fcomments&post=47"}],"version-history":[{"count":2,"href":"https:\/\/alphabotz.de\/index.php?rest_route=\/wp\/v2\/pages\/47\/revisions"}],"predecessor-version":[{"id":142,"href":"https:\/\/alphabotz.de\/index.php?rest_route=\/wp\/v2\/pages\/47\/revisions\/142"}],"wp:attachment":[{"href":"https:\/\/alphabotz.de\/index.php?rest_route=%2Fwp%2Fv2%2Fmedia&parent=47"}],"curies":[{"name":"wp","href":"https:\/\/api.w.org\/{rel}","templated":true}]}}